{"id":57,"date":"2020-05-21T13:10:36","date_gmt":"2020-05-21T17:10:36","guid":{"rendered":"https:\/\/www.transy.edu\/parents-families\/?page_id=57"},"modified":"2023-12-08T12:55:14","modified_gmt":"2023-12-08T17:55:14","slug":"graduation-information","status":"publish","type":"page","link":"https:\/\/www.transy.edu\/parents-families\/frequently-asked-questions\/graduation-information\/","title":{"rendered":"Graduation Information"},"content":{"rendered":"\n<div class=\"wp-block-group qa is-layout-constrained wp-block-group-is-layout-constrained\">\n<p><strong>Filing for graduation?<\/strong><\/p>\n\n\n\n<p>All students must file an Application for Graduation online via TNet (under Academic Profile). Graduation applications are due by November 1.<\/p>\n\n\n\n<p>The student\u2019s name and hometown will appear on the diploma and in the commencement program exactly as the student enters the information in the Application for Graduation. It\u2019s important to verify the accuracy of what is typed.<\/p>\n\n\n\n<p>An Application for Graduation can be submitted only once via TNet. If changes are needed, please contact the registrar\u2019s office.<\/p>\n<\/div>\n\n\n\n<div class=\"wp-block-group qa is-layout-constrained wp-block-group-is-layout-constrained\">\n<p><strong>What is the deadline to file an Application for Graduation?<\/strong><\/p>\n\n\n\n<p>November 1.<\/p>\n<\/div>\n\n\n\n<div class=\"wp-block-group qa is-layout-constrained wp-block-group-is-layout-constrained\">\n<p><strong>Which graduation term should be selected when filing an Application for Graduation?<\/strong><\/p>\n\n\n\n<p>The student should select the term when degree requirements will be completed. Students may finish degree requirements in May, August, or December, but there is only one commencement each year, held on the Saturday of Memorial Day weekend in May.<\/p>\n\n\n\n<p>Can students participate in commencement if they will not graduate until the following August or December?<\/p>\n\n\n\n<p>If students are scheduled to complete degree requirements by the following August or December and completes the Application for Graduation by November 1, they may participate in commencement. December graduates can elect to walk the May before or the May after they complete all requirements.<\/p>\n<\/div>\n\n\n\n<div class=\"wp-block-group qa is-layout-constrained wp-block-group-is-layout-constrained\">\n<p><strong>How will I know that I have graduated?<\/strong><\/p>\n\n\n\n<p>It is the student\u2019s responsibility to ensure that all graduation requirements have been met, but the registrar\u2019s office will make every effort to contact you before commencement if you have requirements outstanding. A student\u2019s progress (on self-service\/\/student planning) will reflect all requirements are completed.<\/p>\n<\/div>\n\n\n\n<div class=\"wp-block-group qa is-layout-constrained wp-block-group-is-layout-constrained\">\n<p><strong>What GPA is required to graduate with honors?<\/strong><\/p>\n\n\n\n<figure class=\"wp-block-table\"><table><tbody><tr><td>Summa Cum Laude<\/td><td>3.900&nbsp;\u2013 4.000<\/td><\/tr><tr><td>Magna Cum Laude<\/td><td>3.700 \u2013 3.899<\/td><\/tr><tr><td>Cum Laude<\/td><td>3.500 \u2013 3.699<\/td><\/tr><\/tbody><\/table><\/figure>\n<\/div>\n\n\n\n<div class=\"wp-block-group qa is-layout-constrained wp-block-group-is-layout-constrained\">\n<p><strong>What type of degree will a student receive?<\/strong><\/p>\n\n\n\n<p>A Bachelor of Arts degree.<\/p>\n<\/div>\n\n\n\n<div class=\"wp-block-group qa is-layout-constrained wp-block-group-is-layout-constrained\">\n<p><strong>Where is commencement held?<\/strong><\/p>\n\n\n\n<p>Commencement takes place on the lawn in front of Old Morrison. In the case of rain, commencement is held in the Beck Center<\/p>\n<\/div>\n\n\n\n<div class=\"wp-block-group qa is-layout-constrained wp-block-group-is-layout-constrained\">\n<p><strong>How and when will students receive their diploma?<\/strong><\/p>\n\n\n\n<p>If completing degree requirements in May, students will receive their diploma at the commencement ceremony when crossing the stage. If students are completing degree requirements in August or December, the registrar\u2019s office will contact them when their diploma is available. Students can elect to pick it up in the office or have it mailed. Diplomas cannot be mailed to a PO Box, because they cannot be bent.<\/p>\n<\/div>\n\n\n\n<div class=\"wp-block-group qa is-layout-constrained wp-block-group-is-layout-constrained\">\n<p><strong>How does a student\u2019s name appear on a diploma?<\/strong><\/p>\n\n\n\n<p>Students are given the opportunity to indicate the name they want printed on their diploma via their graduation application.&nbsp;Preferred names and nicknames are permitted as diplomas are ceremonial and not legal documents.&nbsp;<\/p>\n\n\n\n<p>If a student\u2019s name has special characters such as an acute accent (\u00e9, \u00e1), a tilde (\u00e3, \u0169), or an umlaut (\u00eb, \u00f6) that are not reflected in the database, please contact the <a href=\"mailto:registrar@transy.edu\">registrar\u2019s office<\/a>.<\/p>\n<\/div>\n\n\n\n<div class=\"wp-block-group qa is-layout-constrained wp-block-group-is-layout-constrained\">\n<p><strong>Do Latin or program honors appear on diplomas?<\/strong><\/p>\n\n\n\n<p>Yes, Latin honors are listed on diplomas. Honors are as follows:<\/p>\n\n\n\n<figure class=\"wp-block-table\"><table><tbody><tr><td>Summa Cum Laude<\/td><td>3.900&nbsp;\u2013 4.000<\/td><\/tr><tr><td>Magna Cum Laude<\/td><td>3.700 \u2013 3.899<\/td><\/tr><tr><td>Cum Laude<\/td><td>3.500 \u2013 3.699<\/td><\/tr><\/tbody><\/table><\/figure>\n<\/div>\n\n\n\n<div class=\"wp-block-group qa is-layout-constrained wp-block-group-is-layout-constrained\">\n<p><strong>Do majors or minors appear on diplomas?<\/strong><\/p>\n\n\n\n<p>No. Majors and minors appear on the official transcript.<\/p>\n<\/div>\n\n\n\n<div class=\"wp-block-group qa is-layout-constrained wp-block-group-is-layout-constrained\">\n<p><strong>What are the diploma dimensions?<\/strong><\/p>\n\n\n\n<p>Diplomas are 8 \u00bd x 11 inches. Frames are available in the Transylvania University Bookstore.<\/p>\n<\/div>\n\n\n\n<div class=\"wp-block-group qa is-layout-constrained wp-block-group-is-layout-constrained\">\n<p><strong>If the diploma is lost, can I get a new one?<\/strong><\/p>\n\n\n\n<p>Yes. Complete the <a href=\"https:\/\/www.transy.edu\/academics\/wp-content\/uploads\/sites\/3\/2021\/09\/transylvania-university_Duplicate-Diploma-Request-Form_2021.pdf\">duplicate\/replacement diploma request form<\/a> and the $50 fee. The form may be mailed with a check to: <\/p>\n\n\n\n<p>Transylvania University <br>Office of the Registrar<br>300 North Broadway<br>Lexington, KY 40508 <\/p>\n\n\n\n<p><em>or<\/em> submitted via email: <a href=\"mailto:registrar@transy.edu\">registrar@transy.edu<\/a> with the fee paid online via the <a href=\"https:\/\/www.officialpayments.com\/pc_entry_cobrand.jsp?categoryId=3917749386492338906000500030345308\">virtual terminal<\/a> payment system.<\/p>\n\n\n\n<p>Diploma re-orders take 4 to 6 weeks as diplomas are hand-signed by the President of Transylvania University and the Chair of the Board of Trustees.<\/p>\n<\/div>\n\n\n\n<div class=\"wp-block-group qa is-layout-constrained wp-block-group-is-layout-constrained\">\n<p><strong>Need more details about commencement?<\/strong><\/p>\n\n\n\n<p>Please visit the <a href=\"https:\/\/www.transy.edu\/academics\/office-of-the-academic-dean\/commencement\/\">commencement page<\/a>.<\/p>\n<\/div>\n","protected":false},"excerpt":{"rendered":"<p>Filing for graduation? All students must file an Application for Graduation online via TNet . Graduation applications are due by November 1. The student\u2019s name and hometown will appear on the diploma and in the commencement program exactly as the student enters the information in the Application for Graduation. It\u2019s important to verify the accuracy of what is typed. An Application for Graduation<\/p>\n<p class=\"continueLink\"><a class=\"btn btn-info\" href=\"https:\/\/www.transy.edu\/parents-families\/frequently-asked-questions\/graduation-information\/\">Continue to &ldquo;Graduation Information&rdquo;<\/a><\/p>\n","protected":false},"author":2,"featured_media":0,"parent":34,"menu_order":4,"comment_status":"closed","ping_status":"closed","template":"","meta":{"_relevanssi_hide_post":"","_relevanssi_hide_content":"","_relevanssi_pin_for_all":"","_relevanssi_pin_keywords":"","_relevanssi_unpin_keywords":"","_relevanssi_related_keywords":"","_relevanssi_related_include_ids":"","_relevanssi_related_exclude_ids":"","_relevanssi_related_no_append":"","_relevanssi_related_not_related":"","_relevanssi_related_posts":"33,84,204,563,342","_relevanssi_noindex_reason":"","footnotes":"","_links_to":"","_links_to_target":""},"class_list":["post-57","page","type-page","status-publish","hentry"],"yoast_head":"<!-- This site is optimized with the Yoast SEO Premium plugin v27.3 (Yoast SEO v27.4) - https:\/\/yoast.com\/product\/yoast-seo-premium-wordpress\/ -->\n<title>Graduation Information - Transylvania University<\/title>\n<meta name=\"description\" content=\"Filing for graduation? All students must file an Application for Graduation online via TNet (under Academic Profile). Graduation applications are due by\" \/>\n<meta name=\"robots\" content=\"index, follow, max-snippet:-1, max-image-preview:large, max-video-preview:-1\" \/>\n<link rel=\"canonical\" href=\"https:\/\/www.transy.edu\/parents-families\/frequently-asked-questions\/graduation-information\/\" \/>\n<meta property=\"og:locale\" content=\"en_US\" \/>\n<meta property=\"og:type\" content=\"article\" \/>\n<meta property=\"og:title\" content=\"Graduation Information\" \/>\n<meta property=\"og:description\" content=\"Filing for graduation? All students must file an Application for Graduation online via TNet (under Academic Profile). Graduation applications are due by\" \/>\n<meta property=\"og:url\" content=\"https:\/\/www.transy.edu\/parents-families\/frequently-asked-questions\/graduation-information\/\" \/>\n<meta property=\"og:site_name\" content=\"Transylvania University | Parents and Families\" \/>\n<meta property=\"article:publisher\" content=\"https:\/\/www.facebook.com\/transylvaniauniversity\" \/>\n<meta property=\"article:modified_time\" content=\"2023-12-08T17:55:14+00:00\" \/>\n<meta name=\"twitter:card\" content=\"summary_large_image\" \/>\n<meta name=\"twitter:site\" content=\"@transy\" \/>\n<meta name=\"twitter:label1\" content=\"Est. reading time\" \/>\n\t<meta name=\"twitter:data1\" content=\"3 minutes\" \/>\n<script type=\"application\/ld+json\" class=\"yoast-schema-graph\">{\"@context\":\"https:\\\/\\\/schema.org\",\"@graph\":[{\"@type\":\"WebPage\",\"@id\":\"https:\\\/\\\/www.transy.edu\\\/parents-families\\\/frequently-asked-questions\\\/graduation-information\\\/\",\"url\":\"https:\\\/\\\/www.transy.edu\\\/parents-families\\\/frequently-asked-questions\\\/graduation-information\\\/\",\"name\":\"Graduation Information - Transylvania University\",\"isPartOf\":{\"@id\":\"https:\\\/\\\/www.transy.edu\\\/parents-families\\\/#website\"},\"datePublished\":\"2020-05-21T17:10:36+00:00\",\"dateModified\":\"2023-12-08T17:55:14+00:00\",\"description\":\"Filing for graduation? All students must file an Application for Graduation online via TNet (under Academic Profile). Graduation applications are due by\",\"breadcrumb\":{\"@id\":\"https:\\\/\\\/www.transy.edu\\\/parents-families\\\/frequently-asked-questions\\\/graduation-information\\\/#breadcrumb\"},\"inLanguage\":\"en-US\",\"potentialAction\":[{\"@type\":\"ReadAction\",\"target\":[\"https:\\\/\\\/www.transy.edu\\\/parents-families\\\/frequently-asked-questions\\\/graduation-information\\\/\"]}]},{\"@type\":\"BreadcrumbList\",\"@id\":\"https:\\\/\\\/www.transy.edu\\\/parents-families\\\/frequently-asked-questions\\\/graduation-information\\\/#breadcrumb\",\"itemListElement\":[{\"@type\":\"ListItem\",\"position\":1,\"name\":\"Frequently Asked Questions\",\"item\":\"https:\\\/\\\/www.transy.edu\\\/parents-families\\\/frequently-asked-questions\\\/\"},{\"@type\":\"ListItem\",\"position\":2,\"name\":\"Graduation Information\"}]},{\"@type\":\"WebSite\",\"@id\":\"https:\\\/\\\/www.transy.edu\\\/parents-families\\\/#website\",\"url\":\"https:\\\/\\\/www.transy.edu\\\/parents-families\\\/\",\"name\":\"Transylvania University | Parents and Families\",\"description\":\"For families of prospective and current students\",\"potentialAction\":[{\"@type\":\"SearchAction\",\"target\":{\"@type\":\"EntryPoint\",\"urlTemplate\":\"https:\\\/\\\/www.transy.edu\\\/parents-families\\\/?s={search_term_string}\"},\"query-input\":{\"@type\":\"PropertyValueSpecification\",\"valueRequired\":true,\"valueName\":\"search_term_string\"}}],\"inLanguage\":\"en-US\"}]}<\/script>\n<!-- \/ Yoast SEO Premium plugin. -->","yoast_head_json":{"title":"Graduation Information - Transylvania University","description":"Filing for graduation? All students must file an Application for Graduation online via TNet (under Academic Profile). Graduation applications are due by","robots":{"index":"index","follow":"follow","max-snippet":"max-snippet:-1","max-image-preview":"max-image-preview:large","max-video-preview":"max-video-preview:-1"},"canonical":"https:\/\/www.transy.edu\/parents-families\/frequently-asked-questions\/graduation-information\/","og_locale":"en_US","og_type":"article","og_title":"Graduation Information","og_description":"Filing for graduation? All students must file an Application for Graduation online via TNet (under Academic Profile). Graduation applications are due by","og_url":"https:\/\/www.transy.edu\/parents-families\/frequently-asked-questions\/graduation-information\/","og_site_name":"Transylvania University | Parents and Families","article_publisher":"https:\/\/www.facebook.com\/transylvaniauniversity","article_modified_time":"2023-12-08T17:55:14+00:00","twitter_card":"summary_large_image","twitter_site":"@transy","twitter_misc":{"Est. reading time":"3 minutes"},"schema":{"@context":"https:\/\/schema.org","@graph":[{"@type":"WebPage","@id":"https:\/\/www.transy.edu\/parents-families\/frequently-asked-questions\/graduation-information\/","url":"https:\/\/www.transy.edu\/parents-families\/frequently-asked-questions\/graduation-information\/","name":"Graduation Information - Transylvania University","isPartOf":{"@id":"https:\/\/www.transy.edu\/parents-families\/#website"},"datePublished":"2020-05-21T17:10:36+00:00","dateModified":"2023-12-08T17:55:14+00:00","description":"Filing for graduation? All students must file an Application for Graduation online via TNet (under Academic Profile). Graduation applications are due by","breadcrumb":{"@id":"https:\/\/www.transy.edu\/parents-families\/frequently-asked-questions\/graduation-information\/#breadcrumb"},"inLanguage":"en-US","potentialAction":[{"@type":"ReadAction","target":["https:\/\/www.transy.edu\/parents-families\/frequently-asked-questions\/graduation-information\/"]}]},{"@type":"BreadcrumbList","@id":"https:\/\/www.transy.edu\/parents-families\/frequently-asked-questions\/graduation-information\/#breadcrumb","itemListElement":[{"@type":"ListItem","position":1,"name":"Frequently Asked Questions","item":"https:\/\/www.transy.edu\/parents-families\/frequently-asked-questions\/"},{"@type":"ListItem","position":2,"name":"Graduation Information"}]},{"@type":"WebSite","@id":"https:\/\/www.transy.edu\/parents-families\/#website","url":"https:\/\/www.transy.edu\/parents-families\/","name":"Transylvania University | Parents and Families","description":"For families of prospective and current students","potentialAction":[{"@type":"SearchAction","target":{"@type":"EntryPoint","urlTemplate":"https:\/\/www.transy.edu\/parents-families\/?s={search_term_string}"},"query-input":{"@type":"PropertyValueSpecification","valueRequired":true,"valueName":"search_term_string"}}],"inLanguage":"en-US"}]}},"_links":{"self":[{"href":"https:\/\/www.transy.edu\/parents-families\/wp-json\/wp\/v2\/pages\/57","targetHints":{"allow":["GET"]}}],"collection":[{"href":"https:\/\/www.transy.edu\/parents-families\/wp-json\/wp\/v2\/pages"}],"about":[{"href":"https:\/\/www.transy.edu\/parents-families\/wp-json\/wp\/v2\/types\/page"}],"author":[{"embeddable":true,"href":"https:\/\/www.transy.edu\/parents-families\/wp-json\/wp\/v2\/users\/2"}],"replies":[{"embeddable":true,"href":"https:\/\/www.transy.edu\/parents-families\/wp-json\/wp\/v2\/comments?post=57"}],"version-history":[{"count":2,"href":"https:\/\/www.transy.edu\/parents-families\/wp-json\/wp\/v2\/pages\/57\/revisions"}],"predecessor-version":[{"id":2364,"href":"https:\/\/www.transy.edu\/parents-families\/wp-json\/wp\/v2\/pages\/57\/revisions\/2364"}],"up":[{"embeddable":true,"href":"https:\/\/www.transy.edu\/parents-families\/wp-json\/wp\/v2\/pages\/34"}],"wp:attachment":[{"href":"https:\/\/www.transy.edu\/parents-families\/wp-json\/wp\/v2\/media?parent=57"}],"curies":[{"name":"wp","href":"https:\/\/api.w.org\/{rel}","templated":true}]}}