{"id":55,"date":"2023-09-15T12:29:06","date_gmt":"2023-09-15T16:29:06","guid":{"rendered":"https:\/\/www.transy.edu\/alumni-dev\/?page_id=55"},"modified":"2026-02-24T10:48:45","modified_gmt":"2026-02-24T15:48:45","slug":"alumni-travel","status":"publish","type":"page","link":"https:\/\/www.transy.edu\/alumni\/stay-connected\/alumni-travel\/","title":{"rendered":"Alumni Travel"},"content":{"rendered":"\n<div class=\"wp-block-buttons is-layout-flex wp-block-buttons-is-layout-flex\"><\/div>\n\n\n\n<hr class=\"wp-block-separator has-alpha-channel-opacity\" \/>\n\n\n\n\n\n\n\n\n\n\n\n\n\n\n\n\n\n\n\n<hr class=\"wp-block-separator has-alpha-channel-opacity\" \/>\n\n\n<style>.kb-row-layout-id55_f55009-c8 > .kt-row-column-wrap{align-content:start;}:where(.kb-row-layout-id55_f55009-c8 > .kt-row-column-wrap) > .wp-block-kadence-column{justify-content:start;}.kb-row-layout-id55_f55009-c8 > .kt-row-column-wrap{column-gap:var(--global-kb-gap-md, 2rem);row-gap:var(--global-kb-gap-md, 2rem);padding-top:var(--global-kb-spacing-sm, 1.5rem);padding-bottom:var(--global-kb-spacing-sm, 1.5rem);grid-template-columns:minmax(0, 2fr) minmax(0, 1fr);}.kb-row-layout-id55_f55009-c8 > .kt-row-layout-overlay{opacity:0.30;}@media all and (max-width: 1024px){.kb-row-layout-id55_f55009-c8 > .kt-row-column-wrap{grid-template-columns:minmax(0, 2fr) minmax(0, 1fr);}}@media all and (max-width: 767px){.kb-row-layout-id55_f55009-c8 > .kt-row-column-wrap{grid-template-columns:minmax(0, 1fr);}}<\/style><div class=\"kb-row-layout-wrap kb-row-layout-id55_f55009-c8 alignnone wp-block-kadence-rowlayout\"><div class=\"kt-row-column-wrap kt-has-2-columns kt-row-layout-left-golden kt-tab-layout-inherit kt-mobile-layout-row kt-row-valign-top\">\n<style>.kadence-column55_88602c-f1 > .kt-inside-inner-col,.kadence-column55_88602c-f1 > .kt-inside-inner-col:before{border-top-left-radius:0px;border-top-right-radius:0px;border-bottom-right-radius:0px;border-bottom-left-radius:0px;}.kadence-column55_88602c-f1 > .kt-inside-inner-col{column-gap:var(--global-kb-gap-sm, 1rem);}.kadence-column55_88602c-f1 > .kt-inside-inner-col{flex-direction:column;}.kadence-column55_88602c-f1 > .kt-inside-inner-col > .aligncenter{width:100%;}.kadence-column55_88602c-f1 > .kt-inside-inner-col:before{opacity:0.3;}.kadence-column55_88602c-f1{position:relative;}@media all and (max-width: 1024px){.kadence-column55_88602c-f1 > .kt-inside-inner-col{flex-direction:column;justify-content:center;}}@media all and (max-width: 767px){.kadence-column55_88602c-f1 > .kt-inside-inner-col{flex-direction:column;justify-content:center;}}<\/style>\n<div class=\"wp-block-kadence-column kadence-column55_88602c-f1\"><div class=\"kt-inside-inner-col\">\n<p><strong><em>Casablanca to Porto &amp; Andalusia<br>May 4-13, 2026<\/em><\/strong><\/p>\n\n\n\n<p>Retrace ancient trade routes across two continents and four countries on an eight-night cruise from Casablanca, Morocco, to Porto, Portugal, aboard the exclusively chartered, deluxe World Voyager small ship. Visit spectacular port cities along the northeast African coast and the Iberian Peninsula \u2014 Casablanca, Rabat, and Tangier, Morocco; M\u00e1laga and Seville, Spain; Gibraltar, United Kingdom; and Portim\u00e3o, Lagos and Set\u00fabal, Portugal. Visit Casablanca\u2019s Hassan II Mosque, dramatically situated on a promontory overlooking the ocean, to admire its intricate Moroccan details. Stroll through Tangier\u2019s sensorial-rich, exotic souks, explore the narrow alleyways of the Petit Socco and visit the Niaba Gardens. Stand on the legendary Rock of Gibraltar, referred to by ancient Greeks and Romans as the Pillars of Hercules, step inside stalactite-filled St. Michael\u2019s Cave and marvel at the world-famous Barbary Apes. Savor a wine-tasting and farm-to-table lunch in Set\u00fabal, Portugal\u2019s wine country, explore the Royal Alc\u00e1zar of Seville and discover Lagos&#8217;s ancient, walled maritime port city. Enhance your adventure with the Marrakech Pre-Tour Extension and\/or the Lisbon Post-Tour Extension. Starting price: $7,495. <\/p>\n<\/div><\/div>\n\n\n<style>.kadence-column55_ba25b3-8f > .kt-inside-inner-col,.kadence-column55_ba25b3-8f > .kt-inside-inner-col:before{border-top-left-radius:0px;border-top-right-radius:0px;border-bottom-right-radius:0px;border-bottom-left-radius:0px;}.kadence-column55_ba25b3-8f > .kt-inside-inner-col{column-gap:var(--global-kb-gap-sm, 1rem);}.kadence-column55_ba25b3-8f > .kt-inside-inner-col{flex-direction:column;}.kadence-column55_ba25b3-8f > .kt-inside-inner-col > .aligncenter{width:100%;}.kadence-column55_ba25b3-8f > .kt-inside-inner-col:before{opacity:0.3;}.kadence-column55_ba25b3-8f{position:relative;}@media all and (max-width: 1024px){.kadence-column55_ba25b3-8f > .kt-inside-inner-col{flex-direction:column;justify-content:center;}}@media all and (max-width: 767px){.kadence-column55_ba25b3-8f > .kt-inside-inner-col{flex-direction:column;justify-content:center;}}<\/style>\n<div class=\"wp-block-kadence-column kadence-column55_ba25b3-8f\"><div class=\"kt-inside-inner-col\">\n<figure class=\"wp-block-image size-full\"><img loading=\"lazy\" decoding=\"async\" width=\"297\" height=\"218\" src=\"https:\/\/www.transy.edu\/alumni\/wp-content\/uploads\/sites\/28\/2025\/06\/Gohagan.Casablanca.png\" alt=\"\" class=\"wp-image-1951\" \/><\/figure>\n\n\n\n<div class=\"wp-block-buttons is-layout-flex wp-block-buttons-is-layout-flex\">\n<div class=\"wp-block-button\"><a class=\"wp-block-button__link wp-element-button\" href=\"https:\/\/transy.gohagantravel.com\/programs\/casablanca-to-porto-andalusia-2026\/\" target=\"_blank\" rel=\"noreferrer noopener\">More Information About Casablanca<\/a><\/div>\n<\/div>\n<\/div><\/div>\n\n<\/div><\/div>\n\n<style>.kb-row-layout-id55_08be52-f6 > .kt-row-column-wrap{align-content:start;}:where(.kb-row-layout-id55_08be52-f6 > .kt-row-column-wrap) > .wp-block-kadence-column{justify-content:start;}.kb-row-layout-id55_08be52-f6 > .kt-row-column-wrap{column-gap:var(--global-kb-gap-md, 2rem);row-gap:var(--global-kb-gap-md, 2rem);padding-top:var(--global-kb-spacing-sm, 1.5rem);padding-bottom:var(--global-kb-spacing-sm, 1.5rem);grid-template-columns:minmax(0, 2fr) minmax(0, 1fr);}.kb-row-layout-id55_08be52-f6 > .kt-row-layout-overlay{opacity:0.30;}@media all and (max-width: 1024px){.kb-row-layout-id55_08be52-f6 > .kt-row-column-wrap{grid-template-columns:minmax(0, 2fr) minmax(0, 1fr);}}@media all and (max-width: 767px){.kb-row-layout-id55_08be52-f6 > .kt-row-column-wrap{grid-template-columns:minmax(0, 1fr);}}<\/style><div class=\"kb-row-layout-wrap kb-row-layout-id55_08be52-f6 alignnone wp-block-kadence-rowlayout\"><div class=\"kt-row-column-wrap kt-has-2-columns kt-row-layout-left-golden kt-tab-layout-inherit kt-mobile-layout-row kt-row-valign-top\">\n<style>.kadence-column55_3eb8e8-de > .kt-inside-inner-col,.kadence-column55_3eb8e8-de > .kt-inside-inner-col:before{border-top-left-radius:0px;border-top-right-radius:0px;border-bottom-right-radius:0px;border-bottom-left-radius:0px;}.kadence-column55_3eb8e8-de > .kt-inside-inner-col{column-gap:var(--global-kb-gap-sm, 1rem);}.kadence-column55_3eb8e8-de > .kt-inside-inner-col{flex-direction:column;}.kadence-column55_3eb8e8-de > .kt-inside-inner-col > .aligncenter{width:100%;}.kadence-column55_3eb8e8-de > .kt-inside-inner-col:before{opacity:0.3;}.kadence-column55_3eb8e8-de{position:relative;}@media all and (max-width: 1024px){.kadence-column55_3eb8e8-de > .kt-inside-inner-col{flex-direction:column;justify-content:center;}}@media all and (max-width: 767px){.kadence-column55_3eb8e8-de > .kt-inside-inner-col{flex-direction:column;justify-content:center;}}<\/style>\n<div class=\"wp-block-kadence-column kadence-column55_3eb8e8-de\"><div class=\"kt-inside-inner-col\">\n<p><strong><em>Landscapes &amp; Lighthouses of Coastal Maine<br>September 12-18, 2026<\/em><\/strong><\/p>\n\n\n\n<p>From the iconic lighthouses perched along sparkling bays to Portland\u2019s cobblestone streets, boasting award-winning restaurants, Maine offers unique landscapes and experiences for everyone.<br>Begin your journey with an overnight in Boston, followed by a comprehensive city tour highlighted by an included tour of historic Fenway Park before checking in to your award-winning hotel for a five-night stay. Experience a Casco Bay Cruise to see lighthouses, forts, lobster boats, and seals. Visit the Portland Head Lighthouse &amp; Museum, one of America\u2019s oldest and most photographed lighthouses. See the Wedding Cake House, an over-exuberant version of gingerbread Victorian architecture, and board a working Lobster Boat, where a local lobsterman takes you out into the harbor for an authentic, hands-on experience in the lobstering trade. Your day is topped off enjoying an authentic Lobster Clambake. Travel to scenic Boothbay Harbor and visit the Coastal Maine Botanical Gardens, the largest gardens in New England. Browse the picturesque village of Boothbay Harbor, featuring charming streets, quaint shops, restaurants, art stores, and breweries. Enjoy a reception and farewell dinner with your fellow alumni travelers. Starting price: $7,495.<\/p>\n<\/div><\/div>\n\n\n<style>.kadence-column55_4152aa-9e > .kt-inside-inner-col,.kadence-column55_4152aa-9e > .kt-inside-inner-col:before{border-top-left-radius:0px;border-top-right-radius:0px;border-bottom-right-radius:0px;border-bottom-left-radius:0px;}.kadence-column55_4152aa-9e > .kt-inside-inner-col{column-gap:var(--global-kb-gap-sm, 1rem);}.kadence-column55_4152aa-9e > .kt-inside-inner-col{flex-direction:column;}.kadence-column55_4152aa-9e > .kt-inside-inner-col > .aligncenter{width:100%;}.kadence-column55_4152aa-9e > .kt-inside-inner-col:before{opacity:0.3;}.kadence-column55_4152aa-9e{position:relative;}@media all and (max-width: 1024px){.kadence-column55_4152aa-9e > .kt-inside-inner-col{flex-direction:column;justify-content:center;}}@media all and (max-width: 767px){.kadence-column55_4152aa-9e > .kt-inside-inner-col{flex-direction:column;justify-content:center;}}<\/style>\n<div class=\"wp-block-kadence-column kadence-column55_4152aa-9e\"><div class=\"kt-inside-inner-col\">\n<figure class=\"wp-block-image size-full\"><img loading=\"lazy\" decoding=\"async\" width=\"1200\" height=\"800\" src=\"https:\/\/www.transy.edu\/alumni\/wp-content\/uploads\/sites\/28\/2026\/01\/PWD.LandscapesLighthousesBoats.jpg\" alt=\"\" class=\"wp-image-2355\" srcset=\"https:\/\/www.transy.edu\/alumni\/wp-content\/uploads\/sites\/28\/2026\/01\/PWD.LandscapesLighthousesBoats.jpg 1200w, https:\/\/www.transy.edu\/alumni\/wp-content\/uploads\/sites\/28\/2026\/01\/PWD.LandscapesLighthousesBoats-350x233.jpg 350w, https:\/\/www.transy.edu\/alumni\/wp-content\/uploads\/sites\/28\/2026\/01\/PWD.LandscapesLighthousesBoats-730x487.jpg 730w, https:\/\/www.transy.edu\/alumni\/wp-content\/uploads\/sites\/28\/2026\/01\/PWD.LandscapesLighthousesBoats-768x512.jpg 768w, https:\/\/www.transy.edu\/alumni\/wp-content\/uploads\/sites\/28\/2026\/01\/PWD.LandscapesLighthousesBoats-810x540.jpg 810w, https:\/\/www.transy.edu\/alumni\/wp-content\/uploads\/sites\/28\/2026\/01\/PWD.LandscapesLighthousesBoats-300x200.jpg 300w\" sizes=\"auto, (max-width: 1200px) 100vw, 1200px\" \/><\/figure>\n\n\n\n<div class=\"wp-block-buttons is-layout-flex wp-block-buttons-is-layout-flex\">\n<div class=\"wp-block-button\"><a class=\"wp-block-button__link wp-element-button\" href=\"https:\/\/drive.google.com\/file\/d\/1zw2grNSiUKFd6OH7b8LByte_4uWOpn9Q\/view?usp=sharing\" target=\"_blank\" rel=\"noreferrer noopener\">Travel Brochure<\/a><\/div>\n<\/div>\n<\/div><\/div>\n\n<\/div><\/div>\n\n<style>.kb-row-layout-id55_bdcf80-63 > .kt-row-column-wrap{align-content:start;}:where(.kb-row-layout-id55_bdcf80-63 > .kt-row-column-wrap) > .wp-block-kadence-column{justify-content:start;}.kb-row-layout-id55_bdcf80-63 > .kt-row-column-wrap{column-gap:var(--global-kb-gap-md, 2rem);row-gap:var(--global-kb-gap-md, 2rem);padding-top:var(--global-kb-spacing-sm, 1.5rem);padding-bottom:var(--global-kb-spacing-sm, 1.5rem);grid-template-columns:minmax(0, 2fr) minmax(0, 1fr);}.kb-row-layout-id55_bdcf80-63 > .kt-row-layout-overlay{opacity:0.30;}@media all and (max-width: 1024px){.kb-row-layout-id55_bdcf80-63 > .kt-row-column-wrap{grid-template-columns:minmax(0, 2fr) minmax(0, 1fr);}}@media all and (max-width: 767px){.kb-row-layout-id55_bdcf80-63 > .kt-row-column-wrap{grid-template-columns:minmax(0, 1fr);}}<\/style><div class=\"kb-row-layout-wrap kb-row-layout-id55_bdcf80-63 alignnone wp-block-kadence-rowlayout\"><div class=\"kt-row-column-wrap kt-has-2-columns kt-row-layout-left-golden kt-tab-layout-inherit kt-mobile-layout-row kt-row-valign-top\">\n<style>.kadence-column55_e415fc-ab > .kt-inside-inner-col,.kadence-column55_e415fc-ab > .kt-inside-inner-col:before{border-top-left-radius:0px;border-top-right-radius:0px;border-bottom-right-radius:0px;border-bottom-left-radius:0px;}.kadence-column55_e415fc-ab > .kt-inside-inner-col{column-gap:var(--global-kb-gap-sm, 1rem);}.kadence-column55_e415fc-ab > .kt-inside-inner-col{flex-direction:column;}.kadence-column55_e415fc-ab > .kt-inside-inner-col > .aligncenter{width:100%;}.kadence-column55_e415fc-ab > .kt-inside-inner-col:before{opacity:0.3;}.kadence-column55_e415fc-ab{position:relative;}@media all and (max-width: 1024px){.kadence-column55_e415fc-ab > .kt-inside-inner-col{flex-direction:column;justify-content:center;}}@media all and (max-width: 767px){.kadence-column55_e415fc-ab > .kt-inside-inner-col{flex-direction:column;justify-content:center;}}<\/style>\n<div class=\"wp-block-kadence-column kadence-column55_e415fc-ab\"><div class=\"kt-inside-inner-col\">\n<p><strong><em>Albuquerque Balloon Fiesta $ Santa Fe<br>October 7-12, 2026<\/em><\/strong><\/p>\n\n\n\n<p>Highlights include: 3 Nights in Santa Fe; Albuquerque Balloon Fiesta &#8211; Dawn Patrol &amp;<br>Balloon Glow; Old Town, Albuquerque; Indian Pueblo Cultural Center; Los Alamos Science Museum; Santa Fe City Tour; Loretto Chapel; Taos Pueblo. Included in the $4,099 cost (based on double occupancy): Roundtrip Airfare &#8211; CVG\/SDF or LEX(+$150pp); Professional Tour Director; 7 Meals: 5 &#8211; Breakfasts &amp; 2 &#8211; Dinners; Two Beer &amp; Wine Receptions; Motorcoach Transportation; Admissions per Itinerary; Sightseeing per Itinerary; Hotel Transfers; Baggage Handling at Hotels; 5 Nights Hotel Accommodations (3 &#8211; Inn of the Governors, Doubletree by Hilton or Hilton, Santa Fe; 2 &#8211; Albuquerque Marriott, Doubletree or Crowne Plaza, Albuquerque).<\/p>\n<\/div><\/div>\n\n\n<style>.kadence-column55_d2013f-c9 > .kt-inside-inner-col,.kadence-column55_d2013f-c9 > .kt-inside-inner-col:before{border-top-left-radius:0px;border-top-right-radius:0px;border-bottom-right-radius:0px;border-bottom-left-radius:0px;}.kadence-column55_d2013f-c9 > .kt-inside-inner-col{column-gap:var(--global-kb-gap-sm, 1rem);}.kadence-column55_d2013f-c9 > .kt-inside-inner-col{flex-direction:column;}.kadence-column55_d2013f-c9 > .kt-inside-inner-col > .aligncenter{width:100%;}.kadence-column55_d2013f-c9 > .kt-inside-inner-col:before{opacity:0.3;}.kadence-column55_d2013f-c9{position:relative;}@media all and (max-width: 1024px){.kadence-column55_d2013f-c9 > .kt-inside-inner-col{flex-direction:column;justify-content:center;}}@media all and (max-width: 767px){.kadence-column55_d2013f-c9 > .kt-inside-inner-col{flex-direction:column;justify-content:center;}}<\/style>\n<div class=\"wp-block-kadence-column kadence-column55_d2013f-c9\"><div class=\"kt-inside-inner-col\">\n<figure class=\"wp-block-image size-full\"><img loading=\"lazy\" decoding=\"async\" width=\"457\" height=\"252\" src=\"https:\/\/www.transy.edu\/alumni\/wp-content\/uploads\/sites\/28\/2026\/02\/AlbuquerqueBalloons.png\" alt=\"\" class=\"wp-image-2498\" srcset=\"https:\/\/www.transy.edu\/alumni\/wp-content\/uploads\/sites\/28\/2026\/02\/AlbuquerqueBalloons.png 457w, https:\/\/www.transy.edu\/alumni\/wp-content\/uploads\/sites\/28\/2026\/02\/AlbuquerqueBalloons-350x193.png 350w, https:\/\/www.transy.edu\/alumni\/wp-content\/uploads\/sites\/28\/2026\/02\/AlbuquerqueBalloons-300x165.png 300w\" sizes=\"auto, (max-width: 457px) 100vw, 457px\" \/><\/figure>\n\n\n\n<div class=\"wp-block-buttons is-layout-flex wp-block-buttons-is-layout-flex\">\n<div class=\"wp-block-button\"><a class=\"wp-block-button__link wp-element-button\" href=\"https:\/\/drive.google.com\/file\/d\/1nxD2BCATIu-IzWewTZDuifyD32h2r74Y\/view?usp=sharing\" target=\"_blank\" rel=\"noreferrer noopener\">Travel Brochure<\/a><\/div>\n<\/div>\n<\/div><\/div>\n\n<\/div><\/div>\n\n\n<p><strong><em><a href=\"https:\/\/transy.gohagantravel.com\/programs\/\">Click here <\/a>for more exciting trips in 2026<\/em><\/strong><\/p>\n\n\n\n<p><strong>For more information on any of the trips listed above contact&nbsp;<a href=\"https:\/\/mail.google.com\/mail\/?view=cm&amp;fs=1&amp;tf=1&amp;to=nmongiardo@transy.edu\" target=\"_blank\" rel=\"noreferrer noopener\">Natasa Mongiardo<\/a>&nbsp;in the alumni office at&nbsp;(800) 487-2679 or&nbsp;(859) 233-8213.&nbsp;<\/strong><\/p>\n","protected":false},"excerpt":{"rendered":"<p>Casablanca to Porto &amp; AndalusiaMay 4-13, 2026 Retrace ancient trade routes across two continents and four countries on an eight-night cruise from Casablanca, Morocco, to Porto, Portugal, aboard the exclusively chartered, deluxe World Voyager small ship. Visit spectacular port cities along the northeast African coast and the Iberian Peninsula \u2014 Casablanca, Rabat, and Tangier, Morocco; M\u00e1laga and Seville, Spain; Gibraltar, United Kingdom; and Portim\u00e3o, Lagos<\/p>\n<p class=\"continueLink\"><a class=\"btn btn-info\" href=\"https:\/\/www.transy.edu\/alumni\/stay-connected\/alumni-travel\/\">Continue to &ldquo;Alumni Travel&rdquo;<\/a><\/p>\n","protected":false},"author":2,"featured_media":0,"parent":38,"menu_order":2,"comment_status":"closed","ping_status":"closed","template":"","meta":{"_relevanssi_hide_post":"","_relevanssi_hide_content":"","_relevanssi_pin_for_all":"","_relevanssi_pin_keywords":"","_relevanssi_unpin_keywords":"","_relevanssi_related_keywords":"","_relevanssi_related_include_ids":"","_relevanssi_related_exclude_ids":"","_relevanssi_related_no_append":"","_relevanssi_related_not_related":"","_relevanssi_related_posts":"39,1","_relevanssi_noindex_reason":"","footnotes":"","_links_to":"","_links_to_target":""},"class_list":["post-55","page","type-page","status-publish","hentry"],"yoast_head":"<!-- This site is optimized with the Yoast SEO Premium plugin v27.3 (Yoast SEO v27.5) - https:\/\/yoast.com\/product\/yoast-seo-premium-wordpress\/ -->\n<title>Alumni Travel - Transylvania University<\/title>\n<meta name=\"robots\" content=\"index, follow, max-snippet:-1, max-image-preview:large, max-video-preview:-1\" \/>\n<link rel=\"canonical\" href=\"https:\/\/www.transy.edu\/alumni\/stay-connected\/alumni-travel\/\" \/>\n<meta property=\"og:locale\" content=\"en_US\" \/>\n<meta property=\"og:type\" content=\"article\" \/>\n<meta property=\"og:title\" content=\"Alumni Travel\" \/>\n<meta property=\"og:description\" content=\"Casablanca to Porto &amp; AndalusiaMay 4-13, 2026 Retrace ancient trade routes across two continents and four countries on an eight-night cruise from Casablanca, Morocco, to Porto, Portugal, aboard the exclusively chartered, deluxe World Voyager small ship. Visit spectacular port cities along the northeast African coast and the Iberian Peninsula \u2014 Casablanca, Rabat, and Tangier, Morocco; M\u00e1laga and Seville, Spain; Gibraltar, United Kingdom; and Portim\u00e3o, LagosContinue to &ldquo;Alumni Travel&rdquo;\" \/>\n<meta property=\"og:url\" content=\"https:\/\/www.transy.edu\/alumni\/stay-connected\/alumni-travel\/\" \/>\n<meta property=\"og:site_name\" content=\"Transylvania University | Alumni and Giving\" \/>\n<meta property=\"article:publisher\" content=\"https:\/\/www.facebook.com\/transylvaniauniversity\" \/>\n<meta property=\"article:modified_time\" content=\"2026-02-24T15:48:45+00:00\" \/>\n<meta property=\"og:image\" content=\"https:\/\/www.transy.edu\/alumni\/wp-content\/uploads\/sites\/28\/2025\/02\/PWD.MackinacIsland-1200x630.jpg\" \/>\n\t<meta property=\"og:image:width\" content=\"1200\" \/>\n\t<meta property=\"og:image:height\" content=\"630\" \/>\n\t<meta property=\"og:image:type\" content=\"image\/jpeg\" \/>\n<meta name=\"twitter:card\" content=\"summary_large_image\" \/>\n<meta name=\"twitter:site\" content=\"@transy\" \/>\n<meta name=\"twitter:label1\" content=\"Est. reading time\" \/>\n\t<meta name=\"twitter:data1\" content=\"5 minutes\" \/>\n<script type=\"application\/ld+json\" class=\"yoast-schema-graph\">{\"@context\":\"https:\\\/\\\/schema.org\",\"@graph\":[{\"@type\":\"WebPage\",\"@id\":\"https:\\\/\\\/www.transy.edu\\\/alumni\\\/stay-connected\\\/alumni-travel\\\/\",\"url\":\"https:\\\/\\\/www.transy.edu\\\/alumni\\\/stay-connected\\\/alumni-travel\\\/\",\"name\":\"Alumni Travel - Transylvania University\",\"isPartOf\":{\"@id\":\"https:\\\/\\\/www.transy.edu\\\/alumni\\\/#website\"},\"primaryImageOfPage\":{\"@id\":\"https:\\\/\\\/www.transy.edu\\\/alumni\\\/stay-connected\\\/alumni-travel\\\/#primaryimage\"},\"image\":{\"@id\":\"https:\\\/\\\/www.transy.edu\\\/alumni\\\/stay-connected\\\/alumni-travel\\\/#primaryimage\"},\"thumbnailUrl\":\"https:\\\/\\\/www.transy.edu\\\/alumni\\\/wp-content\\\/uploads\\\/sites\\\/28\\\/2025\\\/02\\\/PWD.MackinacIsland-348x214.jpg\",\"datePublished\":\"2023-09-15T16:29:06+00:00\",\"dateModified\":\"2026-02-24T15:48:45+00:00\",\"breadcrumb\":{\"@id\":\"https:\\\/\\\/www.transy.edu\\\/alumni\\\/stay-connected\\\/alumni-travel\\\/#breadcrumb\"},\"inLanguage\":\"en-US\",\"potentialAction\":[{\"@type\":\"ReadAction\",\"target\":[\"https:\\\/\\\/www.transy.edu\\\/alumni\\\/stay-connected\\\/alumni-travel\\\/\"]}]},{\"@type\":\"ImageObject\",\"inLanguage\":\"en-US\",\"@id\":\"https:\\\/\\\/www.transy.edu\\\/alumni\\\/stay-connected\\\/alumni-travel\\\/#primaryimage\",\"url\":\"https:\\\/\\\/www.transy.edu\\\/alumni\\\/wp-content\\\/uploads\\\/sites\\\/28\\\/2025\\\/02\\\/PWD.MackinacIsland.jpg\",\"contentUrl\":\"https:\\\/\\\/www.transy.edu\\\/alumni\\\/wp-content\\\/uploads\\\/sites\\\/28\\\/2025\\\/02\\\/PWD.MackinacIsland.jpg\",\"width\":1920,\"height\":1245},{\"@type\":\"BreadcrumbList\",\"@id\":\"https:\\\/\\\/www.transy.edu\\\/alumni\\\/stay-connected\\\/alumni-travel\\\/#breadcrumb\",\"itemListElement\":[{\"@type\":\"ListItem\",\"position\":1,\"name\":\"Stay Connected\",\"item\":\"https:\\\/\\\/www.transy.edu\\\/alumni\\\/stay-connected\\\/\"},{\"@type\":\"ListItem\",\"position\":2,\"name\":\"Alumni Travel\"}]},{\"@type\":\"WebSite\",\"@id\":\"https:\\\/\\\/www.transy.edu\\\/alumni\\\/#website\",\"url\":\"https:\\\/\\\/www.transy.edu\\\/alumni\\\/\",\"name\":\"Transylvania University | Alumni and Giving\",\"description\":\"Supporting Your Transy Community\",\"potentialAction\":[{\"@type\":\"SearchAction\",\"target\":{\"@type\":\"EntryPoint\",\"urlTemplate\":\"https:\\\/\\\/www.transy.edu\\\/alumni\\\/?s={search_term_string}\"},\"query-input\":{\"@type\":\"PropertyValueSpecification\",\"valueRequired\":true,\"valueName\":\"search_term_string\"}}],\"inLanguage\":\"en-US\"}]}<\/script>\n<!-- \/ Yoast SEO Premium plugin. -->","yoast_head_json":{"title":"Alumni Travel - Transylvania University","robots":{"index":"index","follow":"follow","max-snippet":"max-snippet:-1","max-image-preview":"max-image-preview:large","max-video-preview":"max-video-preview:-1"},"canonical":"https:\/\/www.transy.edu\/alumni\/stay-connected\/alumni-travel\/","og_locale":"en_US","og_type":"article","og_title":"Alumni Travel","og_description":"Casablanca to Porto &amp; AndalusiaMay 4-13, 2026 Retrace ancient trade routes across two continents and four countries on an eight-night cruise from Casablanca, Morocco, to Porto, Portugal, aboard the exclusively chartered, deluxe World Voyager small ship. Visit spectacular port cities along the northeast African coast and the Iberian Peninsula \u2014 Casablanca, Rabat, and Tangier, Morocco; M\u00e1laga and Seville, Spain; Gibraltar, United Kingdom; and Portim\u00e3o, LagosContinue to &ldquo;Alumni Travel&rdquo;","og_url":"https:\/\/www.transy.edu\/alumni\/stay-connected\/alumni-travel\/","og_site_name":"Transylvania University | Alumni and Giving","article_publisher":"https:\/\/www.facebook.com\/transylvaniauniversity","article_modified_time":"2026-02-24T15:48:45+00:00","og_image":[{"width":1200,"height":630,"url":"https:\/\/www.transy.edu\/alumni\/wp-content\/uploads\/sites\/28\/2025\/02\/PWD.MackinacIsland-1200x630.jpg","type":"image\/jpeg"}],"twitter_card":"summary_large_image","twitter_site":"@transy","twitter_misc":{"Est. reading time":"5 minutes"},"schema":{"@context":"https:\/\/schema.org","@graph":[{"@type":"WebPage","@id":"https:\/\/www.transy.edu\/alumni\/stay-connected\/alumni-travel\/","url":"https:\/\/www.transy.edu\/alumni\/stay-connected\/alumni-travel\/","name":"Alumni Travel - Transylvania University","isPartOf":{"@id":"https:\/\/www.transy.edu\/alumni\/#website"},"primaryImageOfPage":{"@id":"https:\/\/www.transy.edu\/alumni\/stay-connected\/alumni-travel\/#primaryimage"},"image":{"@id":"https:\/\/www.transy.edu\/alumni\/stay-connected\/alumni-travel\/#primaryimage"},"thumbnailUrl":"https:\/\/www.transy.edu\/alumni\/wp-content\/uploads\/sites\/28\/2025\/02\/PWD.MackinacIsland-348x214.jpg","datePublished":"2023-09-15T16:29:06+00:00","dateModified":"2026-02-24T15:48:45+00:00","breadcrumb":{"@id":"https:\/\/www.transy.edu\/alumni\/stay-connected\/alumni-travel\/#breadcrumb"},"inLanguage":"en-US","potentialAction":[{"@type":"ReadAction","target":["https:\/\/www.transy.edu\/alumni\/stay-connected\/alumni-travel\/"]}]},{"@type":"ImageObject","inLanguage":"en-US","@id":"https:\/\/www.transy.edu\/alumni\/stay-connected\/alumni-travel\/#primaryimage","url":"https:\/\/www.transy.edu\/alumni\/wp-content\/uploads\/sites\/28\/2025\/02\/PWD.MackinacIsland.jpg","contentUrl":"https:\/\/www.transy.edu\/alumni\/wp-content\/uploads\/sites\/28\/2025\/02\/PWD.MackinacIsland.jpg","width":1920,"height":1245},{"@type":"BreadcrumbList","@id":"https:\/\/www.transy.edu\/alumni\/stay-connected\/alumni-travel\/#breadcrumb","itemListElement":[{"@type":"ListItem","position":1,"name":"Stay Connected","item":"https:\/\/www.transy.edu\/alumni\/stay-connected\/"},{"@type":"ListItem","position":2,"name":"Alumni Travel"}]},{"@type":"WebSite","@id":"https:\/\/www.transy.edu\/alumni\/#website","url":"https:\/\/www.transy.edu\/alumni\/","name":"Transylvania University | Alumni and Giving","description":"Supporting Your Transy Community","potentialAction":[{"@type":"SearchAction","target":{"@type":"EntryPoint","urlTemplate":"https:\/\/www.transy.edu\/alumni\/?s={search_term_string}"},"query-input":{"@type":"PropertyValueSpecification","valueRequired":true,"valueName":"search_term_string"}}],"inLanguage":"en-US"}]}},"_links":{"self":[{"href":"https:\/\/www.transy.edu\/alumni\/wp-json\/wp\/v2\/pages\/55","targetHints":{"allow":["GET"]}}],"collection":[{"href":"https:\/\/www.transy.edu\/alumni\/wp-json\/wp\/v2\/pages"}],"about":[{"href":"https:\/\/www.transy.edu\/alumni\/wp-json\/wp\/v2\/types\/page"}],"author":[{"embeddable":true,"href":"https:\/\/www.transy.edu\/alumni\/wp-json\/wp\/v2\/users\/2"}],"replies":[{"embeddable":true,"href":"https:\/\/www.transy.edu\/alumni\/wp-json\/wp\/v2\/comments?post=55"}],"version-history":[{"count":27,"href":"https:\/\/www.transy.edu\/alumni\/wp-json\/wp\/v2\/pages\/55\/revisions"}],"predecessor-version":[{"id":2499,"href":"https:\/\/www.transy.edu\/alumni\/wp-json\/wp\/v2\/pages\/55\/revisions\/2499"}],"up":[{"embeddable":true,"href":"https:\/\/www.transy.edu\/alumni\/wp-json\/wp\/v2\/pages\/38"}],"wp:attachment":[{"href":"https:\/\/www.transy.edu\/alumni\/wp-json\/wp\/v2\/media?parent=55"}],"curies":[{"name":"wp","href":"https:\/\/api.w.org\/{rel}","templated":true}]}}